{"id":48655,"date":"2012-10-26T15:18:22","date_gmt":"2012-10-26T15:18:22","guid":{"rendered":"https:\/\/tres-tapas.de\/ueber-uns\/"},"modified":"2020-05-16T12:51:58","modified_gmt":"2020-05-16T12:51:58","slug":"about-us","status":"publish","type":"page","link":"https:\/\/tres-tapas.de\/en\/about-us\/","title":{"rendered":"About Us"},"content":{"rendered":"<p>[et_pb_section fb_built=&#8221;1&#8243; _builder_version=&#8221;3.22&#8243; background_repeat=&#8221;repeat&#8221;][et_pb_row _builder_version=&#8221;3.25&#8243; background_size=&#8221;initial&#8221; background_position=&#8221;top_left&#8221; background_repeat=&#8221;repeat&#8221;][et_pb_column type=&#8221;4_4&#8243; _builder_version=&#8221;3.25&#8243; custom_padding=&#8221;|||&#8221; custom_padding__hover=&#8221;|||&#8221;][et_pb_text admin_label=&#8221;H2&#8243; _builder_version=&#8221;4.4.4&#8243; header_2_font=&#8221;|||on|||||&#8221; header_2_text_align=&#8221;center&#8221; hover_enabled=&#8221;0&#8243;]<\/p>\n<h2>\u00dcBER UNS<\/h2>\n<p>[\/et_pb_text][et_pb_text _builder_version=&#8221;4.4.4&#8243; hover_enabled=&#8221;0&#8243;]<\/p>\n<p>360 Inside Rundgang \u2013 link \u00fcber Google Maps<\/p>\n<p>Das Team: Bilder\/ Videos von den wichtigsten Team-Mitgliedern, Veranstaltungen usw.<\/p>\n<p>&nbsp;<\/p>\n<p>&nbsp;<\/p>\n<p>[\/et_pb_text][et_pb_code _builder_version=&#8221;3.19.10&#8243;]<!-- [et_pb_line_break_holder] --><!-- [et_pb_line_break_holder] --><!-- Global site tag (gtag.js) - Google AdWords: 837043081 --><!-- [et_pb_line_break_holder] --><script async src=\"https:\/\/www.googletagmanager.com\/gtag\/js?id=AW-837043081\"><\/script><!-- [et_pb_line_break_holder] --><script><!-- [et_pb_line_break_holder] -->  window.dataLayer = window.dataLayer || [];<!-- [et_pb_line_break_holder] -->  function gtag(){dataLayer.push(arguments);}<!-- [et_pb_line_break_holder] -->  gtag('js', new Date());<!-- [et_pb_line_break_holder] --><!-- [et_pb_line_break_holder] -->  gtag('config', 'AW-837043081');<!-- [et_pb_line_break_holder] --><\/script><!-- [et_pb_line_break_holder] --><!-- [et_pb_line_break_holder] --><!-- Global site tag (gtag.js) - Google AdWords: 834034383 --><!-- [et_pb_line_break_holder] --><script async src=\"https:\/\/www.googletagmanager.com\/gtag\/js?id=AW-834034383\"><\/script><!-- [et_pb_line_break_holder] --><script><!-- [et_pb_line_break_holder] -->  window.dataLayer = window.dataLayer || [];<!-- [et_pb_line_break_holder] -->  function gtag(){dataLayer.push(arguments);}<!-- [et_pb_line_break_holder] -->  gtag('js', new Date());<!-- [et_pb_line_break_holder] --><!-- [et_pb_line_break_holder] -->  gtag('config', 'AW-834034383');<!-- [et_pb_line_break_holder] --><\/script>[\/et_pb_code][\/et_pb_column][\/et_pb_row][\/et_pb_section]<\/p>\n","protected":false},"excerpt":{"rendered":"<p>\u00dcBER UNS 360 Inside Rundgang \u2013 link \u00fcber Google Maps Das Team: Bilder\/ Videos von den wichtigsten Team-Mitgliedern, Veranstaltungen usw. &nbsp; &nbsp;<\/p>\n","protected":false},"author":1,"featured_media":1427,"parent":0,"menu_order":0,"comment_status":"open","ping_status":"closed","template":"","meta":{"_et_pb_use_builder":"on","_et_pb_old_content":"<p><!--:de--><\/p><h3>Seit 2007<\/h3><p>Genie\u00dfen Sie spanische Esskultur in geselliger Atmosph\u00e4re und landestypischem Ambiente im Tres Tapas - Tapasbar &amp; Restaurant. Probieren Sie die Vielfalt und Reichhaltigkeit der Spanischen K\u00fcche und Weine. Nur wenige Schritte vom U-Bahnhof Eberswalder Stra\u00dfe entfernt, direkt am Helmholtzplatz k\u00f6nnen Sie der Gro\u00dfstadt entfliehen und eintauchen in die kleine spanische Welt des Tres Tapas.<\/p><p>Caterings im Berliner Raum \u00fcbernehmen wir zus\u00e4tzlich auf Anfrage.<\/p><h3>Unsere K\u00fcche<\/h3><p>So wie in Spanien selbst, ist auch die K\u00fcche des Tres Tapas sehr reich und vielf\u00e4ltig. Nicht nur die Zutaten selbst sondern auch deren Frische garantieren den besonderen Geschmack und sorgen f\u00fcr die Qualit\u00e4t unserer Speisen. Das erkl\u00e4rt die authentische spanische K\u00fcche. Unser spanischer Koch und sein Team kochen mit Hingabe und Leidenschaft f\u00fcr Sie.<\/p><h3>Unsere Speisen<\/h3><p>Neben einer Vielzahl von schmackhaften Hauptgerichten finden Sie bei uns auch eine riesige Auswahl an Tapas... und hervorragende spanische Weine, viele davon selbst importiert. Unser spanisch sprechendes Personal ber\u00e4t Sie gerne. Werfen Sie doch schon mal einen Blick in unsere Speise- und Weinkarte.<br \/>Nat\u00fcrlich bieten wir Ihnen auch ein umfangreiches Sortiment an Cocktails, Longdrinks und Spirituosen. Sollte Ihr Lieblings-Cocktail wider Erwarten nicht enthalten sein, wenden Sie sich einfach an einen unserer Mitarbeiter: das Team des Tres Tapas ber\u00e4t Sie gern.<!--:--><!--:en--><\/p><h3>Since 2007<\/h3><p>Enjoy Spanish gastronomic culture in folksy and country-typical atmosphere at Tres Tapas - Tapasbar &amp; Restaurant. Try the variety and richness of the Spanish cooking and wines. Only a few foot steps away from U-Station Eberswalder Stra\u00dfe, direct at Helmholtzplatz you can get away from metropolis and plunge into the cosy world of the Tres Tapas.<\/p><p>On inquiry you also can get catering service in the region of Berlin.<\/p><h3>Our cuisine<\/h3><p>Like in Spain our cuisine at the Tres Tapas is very versatile. Ingredients and freshness are ensuring the special flavor and guarantee the quality of our dishes. That explains the authentic Spanish cuisine. Our chef and his team are cooking with dedication and passion for you.<\/p><h3>Our menu<\/h3><p>Additional to a numerousness number of tasty main courses you will find a tremendous choice of tapas... and excellent Spanish wines, a lot of them self imported. Our native speaking team would be glad to give you advise. Please take a look at our menus.<\/p><p>Of course we are offering a wide range of cocktails, longdrinks and other spirits. If unfortunately your favorite cocktail isn't included please ask our Tres Tapas team: they are glad to take care of your request.<!--:--><\/p>","_et_gb_content_width":"","footnotes":""},"yoast_head":"<!-- This site is optimized with the Yoast SEO plugin v21.5 - https:\/\/yoast.com\/wordpress\/plugins\/seo\/ -->\n<title>About Us - TRES TAPAS<\/title>\n<meta name=\"description\" content=\"\u00dcber uns - Genie\u00dfen Sie spanisches Flair in Kudamm-N\u00e4he. Im AndaLucia - Tapasbar &amp; Restaurant erleben Sie original spanisches Essen!\" \/>\n<meta name=\"robots\" content=\"index, follow, max-snippet:-1, max-image-preview:large, max-video-preview:-1\" \/>\n<link rel=\"canonical\" href=\"https:\/\/tres-tapas.de\/en\/about-us\/\" \/>\n<meta property=\"og:locale\" content=\"en_US\" \/>\n<meta property=\"og:type\" content=\"article\" \/>\n<meta property=\"og:title\" content=\"About Us - TRES TAPAS\" \/>\n<meta property=\"og:description\" content=\"\u00dcber uns - Genie\u00dfen Sie spanisches Flair in Kudamm-N\u00e4he. Im AndaLucia - Tapasbar &amp; Restaurant erleben Sie original spanisches Essen!\" \/>\n<meta property=\"og:url\" content=\"https:\/\/tres-tapas.de\/en\/about-us\/\" \/>\n<meta property=\"og:site_name\" content=\"TRES TAPAS\" \/>\n<meta property=\"article:modified_time\" content=\"2020-05-16T12:51:58+00:00\" \/>\n<meta property=\"og:image\" content=\"https:\/\/tres-tapas.de\/wp-content\/uploads\/2012\/10\/news.png\" \/>\n\t<meta property=\"og:image:width\" content=\"1600\" \/>\n\t<meta property=\"og:image:height\" content=\"300\" \/>\n\t<meta property=\"og:image:type\" content=\"image\/png\" \/>\n<meta name=\"twitter:label1\" content=\"Est. reading time\" \/>\n\t<meta name=\"twitter:data1\" content=\"1 minute\" \/>\n<script type=\"application\/ld+json\" class=\"yoast-schema-graph\">{\"@context\":\"https:\/\/schema.org\",\"@graph\":[{\"@type\":\"WebPage\",\"@id\":\"https:\/\/tres-tapas.de\/en\/about-us\/\",\"url\":\"https:\/\/tres-tapas.de\/en\/about-us\/\",\"name\":\"About Us - TRES TAPAS\",\"isPartOf\":{\"@id\":\"https:\/\/tres-tapas.de\/#website\"},\"datePublished\":\"2012-10-26T15:18:22+00:00\",\"dateModified\":\"2020-05-16T12:51:58+00:00\",\"description\":\"\u00dcber uns - Genie\u00dfen Sie spanisches Flair in Kudamm-N\u00e4he. Im AndaLucia - Tapasbar & Restaurant erleben Sie original spanisches Essen!\",\"breadcrumb\":{\"@id\":\"https:\/\/tres-tapas.de\/en\/about-us\/#breadcrumb\"},\"inLanguage\":\"en-US\",\"potentialAction\":[{\"@type\":\"ReadAction\",\"target\":[\"https:\/\/tres-tapas.de\/en\/about-us\/\"]}]},{\"@type\":\"BreadcrumbList\",\"@id\":\"https:\/\/tres-tapas.de\/en\/about-us\/#breadcrumb\",\"itemListElement\":[{\"@type\":\"ListItem\",\"position\":1,\"name\":\"Startseite\",\"item\":\"https:\/\/tres-tapas.de\/en\/\"},{\"@type\":\"ListItem\",\"position\":2,\"name\":\"About Us\"}]},{\"@type\":\"WebSite\",\"@id\":\"https:\/\/tres-tapas.de\/#website\",\"url\":\"https:\/\/tres-tapas.de\/\",\"name\":\"TRES TAPAS\",\"description\":\"Original spanische K\u00fcche am Helmholtzplatz in Berlin\",\"potentialAction\":[{\"@type\":\"SearchAction\",\"target\":{\"@type\":\"EntryPoint\",\"urlTemplate\":\"https:\/\/tres-tapas.de\/?s={search_term_string}\"},\"query-input\":\"required name=search_term_string\"}],\"inLanguage\":\"en-US\"}]}<\/script>\n<!-- \/ Yoast SEO plugin. -->","yoast_head_json":{"title":"About Us - TRES TAPAS","description":"\u00dcber uns - Genie\u00dfen Sie spanisches Flair in Kudamm-N\u00e4he. Im AndaLucia - Tapasbar & Restaurant erleben Sie original spanisches Essen!","robots":{"index":"index","follow":"follow","max-snippet":"max-snippet:-1","max-image-preview":"max-image-preview:large","max-video-preview":"max-video-preview:-1"},"canonical":"https:\/\/tres-tapas.de\/en\/about-us\/","og_locale":"en_US","og_type":"article","og_title":"About Us - TRES TAPAS","og_description":"\u00dcber uns - Genie\u00dfen Sie spanisches Flair in Kudamm-N\u00e4he. Im AndaLucia - Tapasbar & Restaurant erleben Sie original spanisches Essen!","og_url":"https:\/\/tres-tapas.de\/en\/about-us\/","og_site_name":"TRES TAPAS","article_modified_time":"2020-05-16T12:51:58+00:00","og_image":[{"width":1600,"height":300,"url":"https:\/\/tres-tapas.de\/wp-content\/uploads\/2012\/10\/news.png","type":"image\/png"}],"twitter_misc":{"Est. reading time":"1 minute"},"schema":{"@context":"https:\/\/schema.org","@graph":[{"@type":"WebPage","@id":"https:\/\/tres-tapas.de\/en\/about-us\/","url":"https:\/\/tres-tapas.de\/en\/about-us\/","name":"About Us - TRES TAPAS","isPartOf":{"@id":"https:\/\/tres-tapas.de\/#website"},"datePublished":"2012-10-26T15:18:22+00:00","dateModified":"2020-05-16T12:51:58+00:00","description":"\u00dcber uns - Genie\u00dfen Sie spanisches Flair in Kudamm-N\u00e4he. Im AndaLucia - Tapasbar & Restaurant erleben Sie original spanisches Essen!","breadcrumb":{"@id":"https:\/\/tres-tapas.de\/en\/about-us\/#breadcrumb"},"inLanguage":"en-US","potentialAction":[{"@type":"ReadAction","target":["https:\/\/tres-tapas.de\/en\/about-us\/"]}]},{"@type":"BreadcrumbList","@id":"https:\/\/tres-tapas.de\/en\/about-us\/#breadcrumb","itemListElement":[{"@type":"ListItem","position":1,"name":"Startseite","item":"https:\/\/tres-tapas.de\/en\/"},{"@type":"ListItem","position":2,"name":"About Us"}]},{"@type":"WebSite","@id":"https:\/\/tres-tapas.de\/#website","url":"https:\/\/tres-tapas.de\/","name":"TRES TAPAS","description":"Original spanische K\u00fcche am Helmholtzplatz in Berlin","potentialAction":[{"@type":"SearchAction","target":{"@type":"EntryPoint","urlTemplate":"https:\/\/tres-tapas.de\/?s={search_term_string}"},"query-input":"required name=search_term_string"}],"inLanguage":"en-US"}]}},"jetpack_sharing_enabled":true,"_links":{"self":[{"href":"https:\/\/tres-tapas.de\/en\/wp-json\/wp\/v2\/pages\/48655\/"}],"collection":[{"href":"https:\/\/tres-tapas.de\/en\/wp-json\/wp\/v2\/pages\/"}],"about":[{"href":"https:\/\/tres-tapas.de\/en\/wp-json\/wp\/v2\/types\/page\/"}],"author":[{"embeddable":true,"href":"https:\/\/tres-tapas.de\/en\/wp-json\/wp\/v2\/users\/1\/"}],"replies":[{"embeddable":true,"href":"https:\/\/tres-tapas.de\/en\/wp-json\/wp\/v2\/comments\/?post=48655"}],"version-history":[{"count":2,"href":"https:\/\/tres-tapas.de\/en\/wp-json\/wp\/v2\/pages\/48655\/revisions\/"}],"predecessor-version":[{"id":49390,"href":"https:\/\/tres-tapas.de\/en\/wp-json\/wp\/v2\/pages\/48655\/revisions\/49390\/"}],"wp:featuredmedia":[{"embeddable":true,"href":"https:\/\/tres-tapas.de\/en\/wp-json\/wp\/v2\/media\/1427\/"}],"wp:attachment":[{"href":"https:\/\/tres-tapas.de\/en\/wp-json\/wp\/v2\/media\/?parent=48655"}],"curies":[{"name":"wp","href":"https:\/\/api.w.org\/{rel}","templated":true}]}}