{"id":48648,"date":"2012-10-26T15:19:59","date_gmt":"2012-10-26T15:19:59","guid":{"rendered":"https:\/\/tres-tapas.de\/speisekarte\/"},"modified":"2023-04-11T14:21:57","modified_gmt":"2023-04-11T14:21:57","slug":"our-menu","status":"publish","type":"page","link":"https:\/\/tres-tapas.de\/en\/our-menu\/","title":{"rendered":"Our Menu"},"content":{"rendered":"<p>[et_pb_section fb_built=&#8221;1&#8243; fullwidth=&#8221;on&#8221; _builder_version=&#8221;4.16&#8243; custom_margin=&#8221;40px|40px|0px|40px&#8221; custom_margin_tablet=&#8221;&#8221; custom_margin_phone=&#8221;10px|10px||10px&#8221; custom_margin_last_edited=&#8221;on|phone&#8221; box_shadow_style=&#8221;preset3&#8243; collapsed=&#8221;off&#8221; global_colors_info=&#8221;{}&#8221;][et_pb_fullwidth_menu menu_id=&#8221;83&#8243; submenu_direction=&#8221;downwards&#8221; fullwidth_menu=&#8221;off&#8221; _builder_version=&#8221;4.16&#8243; menu_font=&#8221;|||on|||||&#8221; menu_text_color=&#8221;#ffffff&#8221; menu_font_size=&#8221;20px&#8221; menu_letter_spacing=&#8221;2px&#8221; background_color=&#8221;#632e0a&#8221; background_image=&#8221;https:\/\/tres-tapas.de\/wp-content\/uploads\/2019\/03\/headerA-1.png&#8221; background_layout=&#8221;dark&#8221; custom_padding=&#8221;|6px||6px&#8221; global_colors_info=&#8221;{}&#8221;]<br \/>\n[\/et_pb_fullwidth_menu][\/et_pb_section][et_pb_section fb_built=&#8221;1&#8243; admin_label=&#8221;section&#8221; _builder_version=&#8221;4.16&#8243; custom_padding=&#8221;54px|0px|0|0px|false|false&#8221; global_colors_info=&#8221;{}&#8221;][et_pb_row column_structure=&#8221;1_2,1_2&#8243; _builder_version=&#8221;4.16&#8243; background_size=&#8221;initial&#8221; background_position=&#8221;top_left&#8221; background_repeat=&#8221;repeat&#8221; global_colors_info=&#8221;{}&#8221;][et_pb_column type=&#8221;1_2&#8243; _builder_version=&#8221;4.16&#8243; custom_padding=&#8221;|||&#8221; global_colors_info=&#8221;{}&#8221; custom_padding__hover=&#8221;|||&#8221;][et_pb_text admin_label=&#8221;Soups and salads&#8221; _builder_version=&#8221;4.18.0&#8243; background_size=&#8221;initial&#8221; background_position=&#8221;top_left&#8221; background_repeat=&#8221;repeat&#8221; use_border_color=&#8221;off&#8221; global_colors_info=&#8221;{}&#8221;]<\/p>\n<h2>SOPAS Y ENSALADAS \u2013<\/h2>\n<h2>SOUPS AND SALADS<\/h2>\n<p>GAZPACHO ANDALUZ\u00a0 (only in summer)\u00a0 \u00a0<strong>7,50<\/strong><\/p>\n<p>SOPA DE PESCADO\u00a0 \u00a0<strong>9,50<\/strong><br \/>Fish and seafood soup<\/p>\n<p>ENSALADA CON GAMBAS\u00a0 <strong>14,50<\/strong><\/p>\n<p>ENSALADA CON POLLO\u00a0 <strong>13,90<\/strong><\/p>\n<p>ENSALADA CON QUESO DE CABRA Y MIEL\u00a0 <strong>13,90<\/strong><\/p>\n<p>[\/et_pb_text][et_pb_divider show_divider=&#8221;off&#8221; _builder_version=&#8221;4.16&#8243; height=&#8221;8px&#8221; custom_margin=&#8221;||0px|&#8221; custom_padding=&#8221;||0px|&#8221; global_colors_info=&#8221;{}&#8221;]<br \/>\n[\/et_pb_divider][et_pb_divider show_divider=&#8221;off&#8221; _builder_version=&#8221;4.16&#8243; height=&#8221;8px&#8221; custom_margin=&#8221;0px|||&#8221; custom_padding=&#8221;0px|||&#8221; global_colors_info=&#8221;{}&#8221;]<br \/>\n[\/et_pb_divider][et_pb_text disabled_on=&#8221;on|on|on&#8221; admin_label=&#8221;Salads&#8221; _builder_version=&#8221;4.16&#8243; background_size=&#8221;initial&#8221; background_position=&#8221;top_left&#8221; background_repeat=&#8221;repeat&#8221; use_border_color=&#8221;off&#8221; disabled=&#8221;on&#8221; global_colors_info=&#8221;{}&#8221;]<\/p>\n<h2>ENSALADAS \u2013 SALATE \u2013 SALADS<\/h2>\n<p><span style=\"font-size: 12pt;\">ENSALADA DE GUARNICI\u00d3N \u00a0 <strong>5,00<\/strong><\/span><br \/><span style=\"font-size: 12pt;\">Side salad<\/span><\/p>\n<p><span style=\"font-size: 12pt;\">ENSALADA CON GAMBAS\u00a0 \u00a0<strong>10,90\u00a0<\/strong><br \/>Baby leaf salad with grilled prawns, avocado, garlic bread<\/span><\/p>\n<p><span style=\"font-size: 12pt;\">ENSALADA CON POLLO\u00a0 \u00a0<strong>10,90<\/strong><br \/>Baby leaf salad with grilled chicken breast, crispy bacon, black sesame, honey mustard vinaigrette<\/span><\/p>\n<p><span style=\"font-size: 12pt;\">ENSALADA ANDALUCIA\u00a0 \u00a0<strong>10,90<\/strong><br \/>Baby leaf salad with caramelized goat cheese, apple wedges, chili walnuts<\/span><\/p>\n<p>&nbsp;<\/p>\n<p>[\/et_pb_text][et_pb_divider show_divider=&#8221;off&#8221; _builder_version=&#8221;4.16&#8243; height=&#8221;8px&#8221; custom_margin=&#8221;||0px|&#8221; custom_padding=&#8221;||0px|&#8221; global_colors_info=&#8221;{}&#8221;]<br \/>\n[\/et_pb_divider][et_pb_divider show_divider=&#8221;off&#8221; _builder_version=&#8221;4.16&#8243; height=&#8221;8px&#8221; custom_margin=&#8221;0px|||&#8221; custom_padding=&#8221;0px|||&#8221; global_colors_info=&#8221;{}&#8221;]<br \/>\n[\/et_pb_divider][et_pb_text admin_label=&#8221;Carne&#8221; _builder_version=&#8221;4.18.0&#8243; background_size=&#8221;initial&#8221; background_position=&#8221;top_left&#8221; background_repeat=&#8221;repeat&#8221; use_border_color=&#8221;off&#8221; global_colors_info=&#8221;{}&#8221;]<\/p>\n<h1 class=\"grid2column\">MAIN DISHES<\/h1>\n<h2>CARNES Y PESCADOS FRESCAS A LA PLANCHA &#8211; Fresh grilled meat and fish from lava stone<\/h2>\n<p>served with seasonal vegetables and potatoes<\/p>\n<p><span style=\"font-size: 12pt;\">SOLOMILLO DE TERNERA \u00a0 <strong>32,00<br \/><\/strong>On lava stone grilled tenderloin of Beef with pepper-cream sauce<\/span><\/p>\n<p><span style=\"font-size: 12pt;\">BISTEC DE TERNERA \u00a0\u00a0 <strong>28,00<br \/><\/strong>Juicy grilled rib eye steak with Salsa Piquillo<\/span><\/p>\n<p><span style=\"font-size: 12pt;\">COSTLLAR DE CORDERO\u00a0 <strong>30,00<\/strong><\/span><br \/><span style=\"font-size: 12pt;\">Loin of lamb with Pedro-Ximenez sauce<\/span><\/p>\n<p><span style=\"font-size: 12pt;\">PARRILLADA DE CARNE\u00a0 <strong>28,00<\/strong><\/span><br \/><span style=\"font-size: 12pt;\">Mixed grilled meat<\/span><\/p>\n<p><span style=\"font-size: 12pt;\">PARRILLADA DE PESCADO\u00a0 <strong>28,00<\/strong><\/span><br \/><span style=\"font-size: 12pt;\">Mixed grilled fish<\/span><\/p>\n<p><span style=\"font-size: 12pt;\">SALM\u00d3N A LA PLANCHA\u00a0 <strong>27,00<\/strong><\/span><br \/><span style=\"font-size: 12pt;\">Grilled salmon with orange sauce<\/span><\/p>\n<p><span style=\"font-size: 12pt;\">PULPO A LA PLANCHA\u00a0 <strong>29,00<\/strong><\/span><br \/><span style=\"font-size: 12pt;\">Grilled big calamar\u00a0<\/span><\/p>\n<p>[\/et_pb_text][\/et_pb_column][et_pb_column type=&#8221;1_2&#8243; _builder_version=&#8221;4.16&#8243; custom_padding=&#8221;|||&#8221; global_colors_info=&#8221;{}&#8221; custom_padding__hover=&#8221;|||&#8221;][et_pb_text admin_label=&#8221;Paella&#8221; _builder_version=&#8221;4.18.0&#8243; text_text_color=&#8221;#ffffff&#8221; header_text_color=&#8221;#ffffff&#8221; header_2_text_color=&#8221;#ffffff&#8221; background_color=&#8221;#632e0a&#8221; background_image=&#8221;https:\/\/tres-tapas.de\/wp-content\/uploads\/2019\/03\/WOOD2-1.jpg&#8221; background_layout=&#8221;dark&#8221; custom_margin=&#8221;0px||0px|&#8221; custom_padding=&#8221;30px|30px|30px|30px&#8221; z_index_tablet=&#8221;500&#8243; text_text_shadow_horizontal_length_tablet=&#8221;0px&#8221; text_text_shadow_vertical_length_tablet=&#8221;0px&#8221; text_text_shadow_blur_strength_tablet=&#8221;1px&#8221; link_text_shadow_horizontal_length_tablet=&#8221;0px&#8221; link_text_shadow_vertical_length_tablet=&#8221;0px&#8221; link_text_shadow_blur_strength_tablet=&#8221;1px&#8221; ul_text_shadow_horizontal_length_tablet=&#8221;0px&#8221; ul_text_shadow_vertical_length_tablet=&#8221;0px&#8221; ul_text_shadow_blur_strength_tablet=&#8221;1px&#8221; ol_text_shadow_horizontal_length_tablet=&#8221;0px&#8221; ol_text_shadow_vertical_length_tablet=&#8221;0px&#8221; ol_text_shadow_blur_strength_tablet=&#8221;1px&#8221; quote_text_shadow_horizontal_length_tablet=&#8221;0px&#8221; quote_text_shadow_vertical_length_tablet=&#8221;0px&#8221; quote_text_shadow_blur_strength_tablet=&#8221;1px&#8221; header_text_shadow_horizontal_length_tablet=&#8221;0px&#8221; header_text_shadow_vertical_length_tablet=&#8221;0px&#8221; header_text_shadow_blur_strength_tablet=&#8221;1px&#8221; header_2_text_shadow_horizontal_length_tablet=&#8221;0px&#8221; header_2_text_shadow_vertical_length_tablet=&#8221;0px&#8221; header_2_text_shadow_blur_strength_tablet=&#8221;1px&#8221; header_3_text_shadow_horizontal_length_tablet=&#8221;0px&#8221; header_3_text_shadow_vertical_length_tablet=&#8221;0px&#8221; header_3_text_shadow_blur_strength_tablet=&#8221;1px&#8221; header_4_text_shadow_horizontal_length_tablet=&#8221;0px&#8221; header_4_text_shadow_vertical_length_tablet=&#8221;0px&#8221; header_4_text_shadow_blur_strength_tablet=&#8221;1px&#8221; header_5_text_shadow_horizontal_length_tablet=&#8221;0px&#8221; header_5_text_shadow_vertical_length_tablet=&#8221;0px&#8221; header_5_text_shadow_blur_strength_tablet=&#8221;1px&#8221; header_6_text_shadow_horizontal_length_tablet=&#8221;0px&#8221; header_6_text_shadow_vertical_length_tablet=&#8221;0px&#8221; header_6_text_shadow_blur_strength_tablet=&#8221;1px&#8221; border_width_all=&#8221;8px&#8221; border_color_all=&#8221;#fff7de&#8221; border_style_all=&#8221;none&#8221; box_shadow_style=&#8221;preset3&#8243; use_border_color=&#8221;off&#8221; global_colors_info=&#8221;{}&#8221;]<\/p>\n<h1>PAELLA<\/h1>\n<p>PAELLA VALENCIANA<br \/>Original Paella from Valencia with the best of land and sea for 2 people \u2013 per person\u00a0 \u00a0<strong>17,50<\/strong><\/p>\n<p>[\/et_pb_text][et_pb_divider show_divider=&#8221;off&#8221; _builder_version=&#8221;4.16&#8243; global_colors_info=&#8221;{}&#8221;]<br \/>\n[\/et_pb_divider][et_pb_divider show_divider=&#8221;off&#8221; _builder_version=&#8221;4.16&#8243; height=&#8221;8px&#8221; custom_margin=&#8221;0px|||&#8221; custom_padding=&#8221;0px|||&#8221; global_colors_info=&#8221;{}&#8221;]<br \/>\n[\/et_pb_divider][et_pb_text admin_label=&#8221;POSTRES&#8221; _builder_version=&#8221;4.18.0&#8243; background_size=&#8221;initial&#8221; background_position=&#8221;top_left&#8221; background_repeat=&#8221;repeat&#8221; hover_enabled=&#8221;0&#8243; use_border_color=&#8221;off&#8221; global_colors_info=&#8221;{}&#8221; sticky_enabled=&#8221;0&#8243;]<\/p>\n<h3>P\u00d3STRES \u2013 DESSERTS<\/h3>\n<p><span style=\"font-size: 12pt;\">CREMA CATALANA\u00a0 \u00a0 <strong>7,00<\/strong><\/span><br \/><span style=\"font-size: 12pt;\">Spanish \u201cCr\u00e8me br\u00fbl\u00e9e\u201d<\/span><\/p>\n<p><span style=\"font-size: 12pt;\">FLAN DE HUEVO\u00a0 \u00a0 <strong>7,00<\/strong><\/span><br \/><span style=\"font-size: 12pt;\">Pudding with caramel sauce<\/span><\/p>\n<p><span style=\"font-size: 12pt;\">COULAND DE CHOCOLATE\u00a0 \u00a0<strong>7,50<\/strong><strong><br \/><\/strong>Spanish \u201cCr\u00e8me Caramel\u201d<\/span><\/p>\n<p><span style=\"font-size: 12pt;\">HELADO DE NARANJA \/ LIM\u00d3N \/ COCO\u00a0 \u00a0<strong>7,00<\/strong><strong><br \/><\/strong>Orange-\/ lemon- or coconut ice cream<\/span><\/p>\n<p>&nbsp;<\/p>\n<p>[\/et_pb_text][\/et_pb_column][\/et_pb_row][\/et_pb_section][et_pb_section fb_built=&#8221;1&#8243; _builder_version=&#8221;4.16&#8243; custom_padding=&#8221;0|0px|0|0px|false|false&#8221; global_colors_info=&#8221;{}&#8221;][et_pb_row _builder_version=&#8221;4.16&#8243; background_size=&#8221;initial&#8221; background_position=&#8221;top_left&#8221; background_repeat=&#8221;repeat&#8221; custom_padding=&#8221;0|0px|0|0px|false|false&#8221; global_colors_info=&#8221;{}&#8221;][et_pb_column type=&#8221;4_4&#8243; _builder_version=&#8221;4.16&#8243; custom_padding=&#8221;|||&#8221; global_colors_info=&#8221;{}&#8221; custom_padding__hover=&#8221;|||&#8221;][et_pb_code _builder_version=&#8221;4.16&#8243; global_colors_info=&#8221;{}&#8221;]<!-- Global site tag (gtag.js) - Google AdWords: 837043081 --><!-- [et_pb_line_break_holder] --><script async src=\"https:\/\/www.googletagmanager.com\/gtag\/js?id=AW-837043081\"><\/script><!-- [et_pb_line_break_holder] --><script><!-- [et_pb_line_break_holder] -->  window.dataLayer = window.dataLayer || [];<!-- [et_pb_line_break_holder] -->  function gtag(){dataLayer.push(arguments);}<!-- [et_pb_line_break_holder] -->  gtag('js', new Date());<!-- [et_pb_line_break_holder] --><!-- [et_pb_line_break_holder] -->  gtag('config', 'AW-837043081');<!-- [et_pb_line_break_holder] --><\/script><!-- [et_pb_line_break_holder] --><!-- [et_pb_line_break_holder] --><!-- Global site tag (gtag.js) - Google AdWords: 834034383 --><!-- [et_pb_line_break_holder] --><script async src=\"https:\/\/www.googletagmanager.com\/gtag\/js?id=AW-834034383\"><\/script><!-- [et_pb_line_break_holder] --><script><!-- [et_pb_line_break_holder] -->  window.dataLayer = window.dataLayer || [];<!-- [et_pb_line_break_holder] -->  function gtag(){dataLayer.push(arguments);}<!-- [et_pb_line_break_holder] -->  gtag('js', new Date());<!-- [et_pb_line_break_holder] --><!-- [et_pb_line_break_holder] -->  gtag('config', 'AW-834034383');<!-- [et_pb_line_break_holder] --><\/script>[\/et_pb_code][\/et_pb_column][\/et_pb_row][\/et_pb_section]<\/p>\n","protected":false},"excerpt":{"rendered":"<p>SOPAS Y ENSALADAS \u2013 SOUPS AND SALADS GAZPACHO ANDALUZ\u00a0 (only in summer)\u00a0 \u00a07,50 SOPA DE PESCADO\u00a0 \u00a09,50Fish and seafood soup ENSALADA CON GAMBAS\u00a0 14,50 ENSALADA CON POLLO\u00a0 13,90 ENSALADA CON QUESO DE CABRA Y MIEL\u00a0 13,90 ENSALADAS \u2013 SALATE \u2013 SALADS ENSALADA DE GUARNICI\u00d3N \u00a0 5,00Side salad ENSALADA CON GAMBAS\u00a0 \u00a010,90\u00a0Baby leaf salad with grilled [&hellip;]<\/p>\n","protected":false},"author":1,"featured_media":48555,"parent":0,"menu_order":0,"comment_status":"open","ping_status":"closed","template":"","meta":{"_et_pb_use_builder":"on","_et_pb_old_content":"<p>[:de]Das Team vom TRES TAPAS freut sich \u00fcber Ihren Besuch.<\/p><p><span style=\"line-height: 1.714285714; font-size: 1rem;\">F\u00dcR BESONDERE ANL\u00c4SSE K\u00d6NNEN SIE AUCH GESCHENKGUTSCHEINE ERWERBEN<\/span><\/p><p>\u00a0[:en]The TRES TAPAS team is looking forward to you.<\/p><p><span style=\"line-height: 1.714285714; font-size: 1rem;\">FOR SPECIAL OCCASIONS GIFT VOUCHERS ARE AVAILABLE<\/span><\/p><p>\u00a0[:]<\/p>","_et_gb_content_width":"","footnotes":""},"yoast_head":"<!-- This site is optimized with the Yoast SEO plugin v21.5 - https:\/\/yoast.com\/wordpress\/plugins\/seo\/ -->\n<title>Our Menu - TRES TAPAS<\/title>\n<meta name=\"description\" content=\"Fresh grilled meat from lava stone in our Menu\" \/>\n<meta name=\"robots\" content=\"index, follow, max-snippet:-1, max-image-preview:large, max-video-preview:-1\" \/>\n<link rel=\"canonical\" href=\"https:\/\/tres-tapas.de\/en\/our-menu\/\" \/>\n<meta property=\"og:locale\" content=\"en_US\" \/>\n<meta property=\"og:type\" content=\"article\" \/>\n<meta property=\"og:title\" content=\"Our Menu - TRES TAPAS\" \/>\n<meta property=\"og:description\" content=\"Fresh grilled meat from lava stone in our Menu\" \/>\n<meta property=\"og:url\" content=\"https:\/\/tres-tapas.de\/en\/our-menu\/\" \/>\n<meta property=\"og:site_name\" content=\"TRES TAPAS\" \/>\n<meta property=\"article:modified_time\" content=\"2023-04-11T14:21:57+00:00\" \/>\n<meta property=\"og:image\" content=\"https:\/\/tres-tapas.de\/wp-content\/uploads\/2019\/03\/slide4-1.jpg\" \/>\n\t<meta property=\"og:image:width\" content=\"2000\" \/>\n\t<meta property=\"og:image:height\" content=\"925\" \/>\n\t<meta property=\"og:image:type\" content=\"image\/jpeg\" \/>\n<meta name=\"twitter:label1\" content=\"Est. reading time\" \/>\n\t<meta name=\"twitter:data1\" content=\"3 minutes\" \/>\n<script type=\"application\/ld+json\" class=\"yoast-schema-graph\">{\"@context\":\"https:\/\/schema.org\",\"@graph\":[{\"@type\":\"WebPage\",\"@id\":\"https:\/\/tres-tapas.de\/en\/our-menu\/\",\"url\":\"https:\/\/tres-tapas.de\/en\/our-menu\/\",\"name\":\"Our Menu - TRES TAPAS\",\"isPartOf\":{\"@id\":\"https:\/\/tres-tapas.de\/#website\"},\"datePublished\":\"2012-10-26T15:19:59+00:00\",\"dateModified\":\"2023-04-11T14:21:57+00:00\",\"description\":\"Fresh grilled meat from lava stone in our Menu\",\"breadcrumb\":{\"@id\":\"https:\/\/tres-tapas.de\/en\/our-menu\/#breadcrumb\"},\"inLanguage\":\"en-US\",\"potentialAction\":[{\"@type\":\"ReadAction\",\"target\":[\"https:\/\/tres-tapas.de\/en\/our-menu\/\"]}]},{\"@type\":\"BreadcrumbList\",\"@id\":\"https:\/\/tres-tapas.de\/en\/our-menu\/#breadcrumb\",\"itemListElement\":[{\"@type\":\"ListItem\",\"position\":1,\"name\":\"Startseite\",\"item\":\"https:\/\/tres-tapas.de\/en\/\"},{\"@type\":\"ListItem\",\"position\":2,\"name\":\"Our Menu\"}]},{\"@type\":\"WebSite\",\"@id\":\"https:\/\/tres-tapas.de\/#website\",\"url\":\"https:\/\/tres-tapas.de\/\",\"name\":\"TRES TAPAS\",\"description\":\"Original spanische K\u00fcche am Helmholtzplatz in Berlin\",\"potentialAction\":[{\"@type\":\"SearchAction\",\"target\":{\"@type\":\"EntryPoint\",\"urlTemplate\":\"https:\/\/tres-tapas.de\/?s={search_term_string}\"},\"query-input\":\"required name=search_term_string\"}],\"inLanguage\":\"en-US\"}]}<\/script>\n<!-- \/ Yoast SEO plugin. -->","yoast_head_json":{"title":"Our Menu - TRES TAPAS","description":"Fresh grilled meat from lava stone in our Menu","robots":{"index":"index","follow":"follow","max-snippet":"max-snippet:-1","max-image-preview":"max-image-preview:large","max-video-preview":"max-video-preview:-1"},"canonical":"https:\/\/tres-tapas.de\/en\/our-menu\/","og_locale":"en_US","og_type":"article","og_title":"Our Menu - TRES TAPAS","og_description":"Fresh grilled meat from lava stone in our Menu","og_url":"https:\/\/tres-tapas.de\/en\/our-menu\/","og_site_name":"TRES TAPAS","article_modified_time":"2023-04-11T14:21:57+00:00","og_image":[{"width":2000,"height":925,"url":"https:\/\/tres-tapas.de\/wp-content\/uploads\/2019\/03\/slide4-1.jpg","type":"image\/jpeg"}],"twitter_misc":{"Est. reading time":"3 minutes"},"schema":{"@context":"https:\/\/schema.org","@graph":[{"@type":"WebPage","@id":"https:\/\/tres-tapas.de\/en\/our-menu\/","url":"https:\/\/tres-tapas.de\/en\/our-menu\/","name":"Our Menu - TRES TAPAS","isPartOf":{"@id":"https:\/\/tres-tapas.de\/#website"},"datePublished":"2012-10-26T15:19:59+00:00","dateModified":"2023-04-11T14:21:57+00:00","description":"Fresh grilled meat from lava stone in our Menu","breadcrumb":{"@id":"https:\/\/tres-tapas.de\/en\/our-menu\/#breadcrumb"},"inLanguage":"en-US","potentialAction":[{"@type":"ReadAction","target":["https:\/\/tres-tapas.de\/en\/our-menu\/"]}]},{"@type":"BreadcrumbList","@id":"https:\/\/tres-tapas.de\/en\/our-menu\/#breadcrumb","itemListElement":[{"@type":"ListItem","position":1,"name":"Startseite","item":"https:\/\/tres-tapas.de\/en\/"},{"@type":"ListItem","position":2,"name":"Our Menu"}]},{"@type":"WebSite","@id":"https:\/\/tres-tapas.de\/#website","url":"https:\/\/tres-tapas.de\/","name":"TRES TAPAS","description":"Original spanische K\u00fcche am Helmholtzplatz in Berlin","potentialAction":[{"@type":"SearchAction","target":{"@type":"EntryPoint","urlTemplate":"https:\/\/tres-tapas.de\/?s={search_term_string}"},"query-input":"required name=search_term_string"}],"inLanguage":"en-US"}]}},"jetpack_sharing_enabled":true,"_links":{"self":[{"href":"https:\/\/tres-tapas.de\/en\/wp-json\/wp\/v2\/pages\/48648\/"}],"collection":[{"href":"https:\/\/tres-tapas.de\/en\/wp-json\/wp\/v2\/pages\/"}],"about":[{"href":"https:\/\/tres-tapas.de\/en\/wp-json\/wp\/v2\/types\/page\/"}],"author":[{"embeddable":true,"href":"https:\/\/tres-tapas.de\/en\/wp-json\/wp\/v2\/users\/1\/"}],"replies":[{"embeddable":true,"href":"https:\/\/tres-tapas.de\/en\/wp-json\/wp\/v2\/comments\/?post=48648"}],"version-history":[{"count":24,"href":"https:\/\/tres-tapas.de\/en\/wp-json\/wp\/v2\/pages\/48648\/revisions\/"}],"predecessor-version":[{"id":49725,"href":"https:\/\/tres-tapas.de\/en\/wp-json\/wp\/v2\/pages\/48648\/revisions\/49725\/"}],"wp:featuredmedia":[{"embeddable":true,"href":"https:\/\/tres-tapas.de\/en\/wp-json\/wp\/v2\/media\/48555\/"}],"wp:attachment":[{"href":"https:\/\/tres-tapas.de\/en\/wp-json\/wp\/v2\/media\/?parent=48648"}],"curies":[{"name":"wp","href":"https:\/\/api.w.org\/{rel}","templated":true}]}}